{"id":24,"date":"2026-01-13T09:38:10","date_gmt":"2026-01-13T09:38:10","guid":{"rendered":"https:\/\/kind-kirch.46-62-247-192.plesk.page\/?page_id=24"},"modified":"2026-02-26T14:03:08","modified_gmt":"2026-02-26T14:03:08","slug":"esiintyjat","status":"publish","type":"page","link":"https:\/\/kind-kirch.46-62-247-192.plesk.page\/?page_id=24","title":{"rendered":"esiintyj\u00e4t"},"content":{"rendered":"\n<p><\/p>\n\n\n\n<p><\/p>\n\n\n<form method=\"post\" class=\"kf-contact-form\" id=\"kf-form-23\"><input type=\"hidden\" name=\"kf_form_id\" value=\"23\"><input type=\"hidden\" id=\"kf_form_nonce\" name=\"kf_form_nonce\" value=\"cb067c640b\" \/><input type=\"hidden\" name=\"_wp_http_referer\" value=\"\/index.php?rest_route=%2Fwp%2Fv2%2Fpages%2F24\" \/><div class=\"kf-form-group\"><label for=\"kf-name\">Nimi <span style=\"color:#c62828;\">*<\/span><\/label><input type=\"text\" id=\"kf-name\" name=\"name\" value=\"\" placeholder=\"Nimesi\" required><\/div><div class=\"kf-form-group\"><label for=\"kf-email\">S\u00e4hk\u00f6posti <span style=\"color:#c62828;\">*<\/span><\/label><input type=\"email\" id=\"kf-email\" name=\"email\" value=\"\" placeholder=\"S\u00e4hk\u00f6postiosoitteesi\" required><\/div><div class=\"kf-form-group\"><label for=\"kf-phone\">Puhelinnumero<\/label><input type=\"tel\" id=\"kf-phone\" name=\"phone\" value=\"\" placeholder=\"Puhelinnumerosi\"><\/div><div class=\"kf-form-group\"><label for=\"kf-message\">Viesti <span style=\"color:#c62828;\">*<\/span><\/label><textarea id=\"kf-message\" name=\"message\" rows=\"5\" placeholder=\"Kirjoita viestisi t\u00e4h\u00e4n...\" required><\/textarea><\/div><div class=\"kf-form-group\"><label for=\"kf-artistit\">Valitse artisti <span style=\"color:#c62828;\">*<\/span><\/label><select id=\"kf-artistit\" name=\"artistit\" required><option value=\"\">Artisti lista...<\/option><option value=\"The Ukkometsot\">The Ukkometsot<\/option><option value=\"Juupe &amp; Upeet\">Juupe &amp; Upeet<\/option><option value=\"Pianisti Jenni J\u00e4ske\">Pianisti Jenni J\u00e4ske<\/option><option value=\"Kaiho Hetkenlaulaja\">Kaiho Hetkenlaulaja<\/option><\/select><\/div><div class=\"kf-form-group\"><label for=\"kf-pivmr\">Milloin haluat esiintyj\u00e4n? <span style=\"color:#c62828;\">*<\/span><\/label><input type=\"date\" id=\"kf-pivmr\" name=\"pivmr\" value=\"\" placeholder=\"t\u00e4yt\u00e4 p\u00e4iv\u00e4m\u00e4\u00e4r\u00e4\" required><\/div><div class=\"kf-form-group\"><label for=\"kf-paikka\">Sijainti <span style=\"color:#c62828;\">*<\/span><\/label><input type=\"text\" id=\"kf-paikka\" name=\"paikka\" value=\"\" placeholder=\"Kirjoita sijainti\" required><\/div><div class=\"kf-form-submit\"><button type=\"submit\">L\u00e4het\u00e4<\/button><\/div><\/form>\n\n\n\n<p><\/p>\n","protected":false},"excerpt":{"rendered":"","protected":false},"author":1,"featured_media":0,"parent":0,"menu_order":0,"comment_status":"closed","ping_status":"closed","template":"","meta":{"footnotes":""},"class_list":["post-24","page","type-page","status-publish","hentry"],"_links":{"self":[{"href":"https:\/\/kind-kirch.46-62-247-192.plesk.page\/index.php?rest_route=\/wp\/v2\/pages\/24","targetHints":{"allow":["GET"]}}],"collection":[{"href":"https:\/\/kind-kirch.46-62-247-192.plesk.page\/index.php?rest_route=\/wp\/v2\/pages"}],"about":[{"href":"https:\/\/kind-kirch.46-62-247-192.plesk.page\/index.php?rest_route=\/wp\/v2\/types\/page"}],"author":[{"embeddable":true,"href":"https:\/\/kind-kirch.46-62-247-192.plesk.page\/index.php?rest_route=\/wp\/v2\/users\/1"}],"replies":[{"embeddable":true,"href":"https:\/\/kind-kirch.46-62-247-192.plesk.page\/index.php?rest_route=%2Fwp%2Fv2%2Fcomments&post=24"}],"version-history":[{"count":4,"href":"https:\/\/kind-kirch.46-62-247-192.plesk.page\/index.php?rest_route=\/wp\/v2\/pages\/24\/revisions"}],"predecessor-version":[{"id":29,"href":"https:\/\/kind-kirch.46-62-247-192.plesk.page\/index.php?rest_route=\/wp\/v2\/pages\/24\/revisions\/29"}],"wp:attachment":[{"href":"https:\/\/kind-kirch.46-62-247-192.plesk.page\/index.php?rest_route=%2Fwp%2Fv2%2Fmedia&parent=24"}],"curies":[{"name":"wp","href":"https:\/\/api.w.org\/{rel}","templated":true}]}}